{"id":4087,"date":"2025-06-25T21:38:34","date_gmt":"2025-06-26T03:38:34","guid":{"rendered":"https:\/\/www.puntamitaexperience.com\/experiencias\/marietas-playa-escondida-prive\/"},"modified":"2025-06-25T21:38:34","modified_gmt":"2025-06-26T03:38:34","slug":"marietas-playa-escondida-prive","status":"publish","type":"product","link":"https:\/\/www.puntamitaexperience.com\/fr\/experiencias\/marietas-playa-escondida-prive\/","title":{"rendered":"Marietas &amp; Playa Escondida (Priv\u00e9)"},"content":{"rendered":"<h2>\ud83c\udfdd\ufe0f L\u2019exp\u00e9rience la plus compl\u00e8te des \u00eeles Marietas<\/h2>\n","protected":false},"excerpt":{"rendered":"<p>\ud83c\udfdd\ufe0f L\u2019exp\u00e9rience la plus compl\u00e8te des \u00eeles Marietas<\/p>\n","protected":false},"featured_media":4086,"comment_status":"open","ping_status":"closed","template":"","meta":{"_kadence_starter_templates_imported_post":false,"_kad_post_transparent":"","_kad_post_title":"","_kad_post_layout":"","_kad_post_sidebar_id":"","_kad_post_content_style":"","_kad_post_vertical_padding":"","_kad_post_feature":"","_kad_post_feature_position":"","_kad_post_header":false,"_kad_post_footer":false,"_kad_post_classname":""},"product_brand":[],"product_cat":[43],"product_tag":[],"class_list":{"0":"post-4087","1":"product","2":"type-product","3":"status-publish","4":"has-post-thumbnail","6":"product_cat-excursions-privees","8":"first","9":"instock","10":"virtual","11":"sold-individually","12":"purchasable","13":"product-type-phive_booking","14":"entry","15":"content-bg","16":"loop-entry"},"_links":{"self":[{"href":"https:\/\/www.puntamitaexperience.com\/fr\/wp-json\/wp\/v2\/product\/4087","targetHints":{"allow":["GET"]}}],"collection":[{"href":"https:\/\/www.puntamitaexperience.com\/fr\/wp-json\/wp\/v2\/product"}],"about":[{"href":"https:\/\/www.puntamitaexperience.com\/fr\/wp-json\/wp\/v2\/types\/product"}],"replies":[{"embeddable":true,"href":"https:\/\/www.puntamitaexperience.com\/fr\/wp-json\/wp\/v2\/comments?post=4087"}],"wp:featuredmedia":[{"embeddable":true,"href":"https:\/\/www.puntamitaexperience.com\/fr\/wp-json\/wp\/v2\/media\/4086"}],"wp:attachment":[{"href":"https:\/\/www.puntamitaexperience.com\/fr\/wp-json\/wp\/v2\/media?parent=4087"}],"wp:term":[{"taxonomy":"product_brand","embeddable":true,"href":"https:\/\/www.puntamitaexperience.com\/fr\/wp-json\/wp\/v2\/product_brand?post=4087"},{"taxonomy":"product_cat","embeddable":true,"href":"https:\/\/www.puntamitaexperience.com\/fr\/wp-json\/wp\/v2\/product_cat?post=4087"},{"taxonomy":"product_tag","embeddable":true,"href":"https:\/\/www.puntamitaexperience.com\/fr\/wp-json\/wp\/v2\/product_tag?post=4087"}],"curies":[{"name":"wp","href":"https:\/\/api.w.org\/{rel}","templated":true}]}}